{"id":2836,"date":"2023-12-11T15:05:39","date_gmt":"2023-12-11T14:05:39","guid":{"rendered":"https:\/\/hbsn.dev.server5.corporate-white.com\/company-locations\/"},"modified":"2025-06-27T09:36:26","modified_gmt":"2025-06-27T07:36:26","slug":"company-locations","status":"publish","type":"page","link":"https:\/\/hbsn-gruppe.de\/en\/company-locations\/","title":{"rendered":"Company locations"},"content":{"rendered":"<p>Close contact with you is very important to us. Our experts are there for you at seven locations. Even though we are at home in the virtual world, we are convinced that face-to-face communication remains indispensable for good communication. For a long-term partnership and the implementation of successful projects.<\/p>\n <div class=\"brlbs-cmpnt-container brlbs-cmpnt-content-blocker brlbs-cmpnt-with-individual-styles\" data-borlabs-cookie-content-blocker-id=\"default\" data-borlabs-cookie-content=\"CQk8ZGl2IGlkPSJtYXBzLW1hcmtlci1wcm8tOGU2MGEzZjciIGNsYXNzPSJtYXBzLW1hcmtlci1wcm8iIHN0eWxlPSJ3aWR0aDogMTAwJTsiPg0KCQkJPGRpdiBpZD0ibW1wLW1hcC13cmFwLThlNjBhM2Y3IiBjbGFzcz0ibW1wLW1hcC13cmFwIj4NCgkJCQkJCQkJPGRpdiBpZD0ibW1wLW1hcC04ZTYwYTNmNyIgY2xhc3M9Im1tcC1tYXAiIHN0eWxlPSJoZWlnaHQ6IDYwMHB4OyI+PC9kaXY+DQoJCQkJCQkJPC9kaXY+DQoJCQkJCTwvZGl2Pg0KCQk=\"><div class=\"brlbs-cmpnt-cb-preset-a\"> <p class=\"brlbs-cmpnt-cb-description\">You are currently viewing a placeholder content from <strong>Default<\/strong>. To access the actual content, click the button below. Please note that doing so will share data with third-party providers.<\/p> <div class=\"brlbs-cmpnt-cb-buttons\"> <a class=\"brlbs-cmpnt-cb-btn\" href=\"#\" data-borlabs-cookie-unblock role=\"button\">Unblock content<\/a> <a class=\"brlbs-cmpnt-cb-btn\" href=\"#\" data-borlabs-cookie-accept-service role=\"button\" style=\"display: none\">Accept required service and unblock content<\/a> <\/div> <a class=\"brlbs-cmpnt-cb-provider-toggle\" href=\"#\" data-borlabs-cookie-show-provider-information role=\"button\">More Information<\/a> <\/div><\/div>\n","protected":false},"excerpt":{"rendered":"<p>Close contact with you is very important to us. Our experts are there for you at seven locations. Even though we are at home in the virtual world, we are convinced that face-to-face communication remains indispensable for good communication. For a long-term partnership and the implementation of successful projects.<\/p>\n","protected":false},"author":1,"featured_media":0,"parent":0,"menu_order":0,"comment_status":"closed","ping_status":"closed","template":"page-templates\/service.php","meta":{"footnotes":""},"class_list":["post-2836","page","type-page","status-publish","hentry"],"yoast_head":"<!-- This site is optimized with the Yoast SEO Premium plugin v23.0 (Yoast SEO v27.3) - https:\/\/yoast.com\/product\/yoast-seo-premium-wordpress\/ -->\n<title>Company locations: find the right location - HBSN GmbH<\/title>\n<meta name=\"description\" content=\"Experience a close partnership between HBSN and you through direct communication at many company locations in Germany. Find out more!\" \/>\n<meta name=\"robots\" content=\"index, follow, max-snippet:-1, max-image-preview:large, max-video-preview:-1\" \/>\n<link rel=\"canonical\" href=\"https:\/\/hbsn-gruppe.de\/en\/company-locations\/\" \/>\n<meta property=\"og:locale\" content=\"en_US\" \/>\n<meta property=\"og:type\" content=\"article\" \/>\n<meta property=\"og:title\" content=\"Company locations\" \/>\n<meta property=\"og:description\" content=\"Experience a close partnership between HBSN and you through direct communication at many company locations in Germany. Find out more!\" \/>\n<meta property=\"og:url\" content=\"https:\/\/hbsn-gruppe.de\/en\/company-locations\/\" \/>\n<meta property=\"og:site_name\" content=\"HBSN GmbH\" \/>\n<meta property=\"article:modified_time\" content=\"2025-06-27T07:36:26+00:00\" \/>\n<meta name=\"twitter:card\" content=\"summary_large_image\" \/>\n<meta name=\"twitter:label1\" content=\"Est. reading time\" \/>\n\t<meta name=\"twitter:data1\" content=\"1 minute\" \/>\n<script type=\"application\/ld+json\" class=\"yoast-schema-graph\">{\"@context\":\"https:\\\/\\\/schema.org\",\"@graph\":[{\"@type\":\"WebPage\",\"@id\":\"https:\\\/\\\/hbsn-gruppe.de\\\/en\\\/company-locations\\\/\",\"url\":\"https:\\\/\\\/hbsn-gruppe.de\\\/en\\\/company-locations\\\/\",\"name\":\"Company locations: find the right location - HBSN GmbH\",\"isPartOf\":{\"@id\":\"https:\\\/\\\/hbsn-gruppe.de\\\/en\\\/#website\"},\"datePublished\":\"2023-12-11T14:05:39+00:00\",\"dateModified\":\"2025-06-27T07:36:26+00:00\",\"description\":\"Experience a close partnership between HBSN and you through direct communication at many company locations in Germany. Find out more!\",\"breadcrumb\":{\"@id\":\"https:\\\/\\\/hbsn-gruppe.de\\\/en\\\/company-locations\\\/#breadcrumb\"},\"inLanguage\":\"en-US\",\"potentialAction\":[{\"@type\":\"ReadAction\",\"target\":[\"https:\\\/\\\/hbsn-gruppe.de\\\/en\\\/company-locations\\\/\"]}]},{\"@type\":\"BreadcrumbList\",\"@id\":\"https:\\\/\\\/hbsn-gruppe.de\\\/en\\\/company-locations\\\/#breadcrumb\",\"itemListElement\":[{\"@type\":\"ListItem\",\"position\":1,\"name\":\"Home\",\"item\":\"https:\\\/\\\/hbsn-gruppe.de\\\/en\\\/\"},{\"@type\":\"ListItem\",\"position\":2,\"name\":\"Company locations\"}]},{\"@type\":\"WebSite\",\"@id\":\"https:\\\/\\\/hbsn-gruppe.de\\\/en\\\/#website\",\"url\":\"https:\\\/\\\/hbsn-gruppe.de\\\/en\\\/\",\"name\":\"HBSN GmbH - Your technology partner in the healthcare industry\",\"description\":\"\",\"publisher\":{\"@id\":\"https:\\\/\\\/hbsn-gruppe.de\\\/en\\\/#organization\"},\"potentialAction\":[{\"@type\":\"SearchAction\",\"target\":{\"@type\":\"EntryPoint\",\"urlTemplate\":\"https:\\\/\\\/hbsn-gruppe.de\\\/en\\\/?s={search_term_string}\"},\"query-input\":{\"@type\":\"PropertyValueSpecification\",\"valueRequired\":true,\"valueName\":\"search_term_string\"}}],\"inLanguage\":\"en-US\"},{\"@type\":\"Organization\",\"@id\":\"https:\\\/\\\/hbsn-gruppe.de\\\/en\\\/#organization\",\"name\":\"HBSN GmbH - Your technology partner in the healthcare industry\",\"url\":\"https:\\\/\\\/hbsn-gruppe.de\\\/en\\\/\",\"logo\":{\"@type\":\"ImageObject\",\"inLanguage\":\"en-US\",\"@id\":\"https:\\\/\\\/hbsn-gruppe.de\\\/en\\\/#\\\/schema\\\/logo\\\/image\\\/\",\"url\":\"https:\\\/\\\/hbsn-gruppe.de\\\/wp-content\\\/uploads\\\/2023\\\/12\\\/favicon.png\",\"contentUrl\":\"https:\\\/\\\/hbsn-gruppe.de\\\/wp-content\\\/uploads\\\/2023\\\/12\\\/favicon.png\",\"width\":516,\"height\":516,\"caption\":\"HBSN GmbH - Your technology partner in the healthcare industry\"},\"image\":{\"@id\":\"https:\\\/\\\/hbsn-gruppe.de\\\/en\\\/#\\\/schema\\\/logo\\\/image\\\/\"},\"sameAs\":[\"https:\\\/\\\/de.linkedin.com\\\/company\\\/hbsn-ag\"]}]}<\/script>\n<!-- \/ Yoast SEO Premium plugin. -->","yoast_head_json":{"title":"Company locations: find the right location - HBSN GmbH","description":"Experience a close partnership between HBSN and you through direct communication at many company locations in Germany. Find out more!","robots":{"index":"index","follow":"follow","max-snippet":"max-snippet:-1","max-image-preview":"max-image-preview:large","max-video-preview":"max-video-preview:-1"},"canonical":"https:\/\/hbsn-gruppe.de\/en\/company-locations\/","og_locale":"en_US","og_type":"article","og_title":"Company locations","og_description":"Experience a close partnership between HBSN and you through direct communication at many company locations in Germany. Find out more!","og_url":"https:\/\/hbsn-gruppe.de\/en\/company-locations\/","og_site_name":"HBSN GmbH","article_modified_time":"2025-06-27T07:36:26+00:00","twitter_card":"summary_large_image","twitter_misc":{"Est. reading time":"1 minute"},"schema":{"@context":"https:\/\/schema.org","@graph":[{"@type":"WebPage","@id":"https:\/\/hbsn-gruppe.de\/en\/company-locations\/","url":"https:\/\/hbsn-gruppe.de\/en\/company-locations\/","name":"Company locations: find the right location - HBSN GmbH","isPartOf":{"@id":"https:\/\/hbsn-gruppe.de\/en\/#website"},"datePublished":"2023-12-11T14:05:39+00:00","dateModified":"2025-06-27T07:36:26+00:00","description":"Experience a close partnership between HBSN and you through direct communication at many company locations in Germany. Find out more!","breadcrumb":{"@id":"https:\/\/hbsn-gruppe.de\/en\/company-locations\/#breadcrumb"},"inLanguage":"en-US","potentialAction":[{"@type":"ReadAction","target":["https:\/\/hbsn-gruppe.de\/en\/company-locations\/"]}]},{"@type":"BreadcrumbList","@id":"https:\/\/hbsn-gruppe.de\/en\/company-locations\/#breadcrumb","itemListElement":[{"@type":"ListItem","position":1,"name":"Home","item":"https:\/\/hbsn-gruppe.de\/en\/"},{"@type":"ListItem","position":2,"name":"Company locations"}]},{"@type":"WebSite","@id":"https:\/\/hbsn-gruppe.de\/en\/#website","url":"https:\/\/hbsn-gruppe.de\/en\/","name":"HBSN GmbH - Your technology partner in the healthcare industry","description":"","publisher":{"@id":"https:\/\/hbsn-gruppe.de\/en\/#organization"},"potentialAction":[{"@type":"SearchAction","target":{"@type":"EntryPoint","urlTemplate":"https:\/\/hbsn-gruppe.de\/en\/?s={search_term_string}"},"query-input":{"@type":"PropertyValueSpecification","valueRequired":true,"valueName":"search_term_string"}}],"inLanguage":"en-US"},{"@type":"Organization","@id":"https:\/\/hbsn-gruppe.de\/en\/#organization","name":"HBSN GmbH - Your technology partner in the healthcare industry","url":"https:\/\/hbsn-gruppe.de\/en\/","logo":{"@type":"ImageObject","inLanguage":"en-US","@id":"https:\/\/hbsn-gruppe.de\/en\/#\/schema\/logo\/image\/","url":"https:\/\/hbsn-gruppe.de\/wp-content\/uploads\/2023\/12\/favicon.png","contentUrl":"https:\/\/hbsn-gruppe.de\/wp-content\/uploads\/2023\/12\/favicon.png","width":516,"height":516,"caption":"HBSN GmbH - Your technology partner in the healthcare industry"},"image":{"@id":"https:\/\/hbsn-gruppe.de\/en\/#\/schema\/logo\/image\/"},"sameAs":["https:\/\/de.linkedin.com\/company\/hbsn-ag"]}]}},"meta_box":{"services_dienste_headline":"Our locations at a glance","services_dienste_icons":[{"services_acc_headline":"HBSN Braunschweig site, <br> Head office","services_acc_beschreibung":"Berliner Stra\u00dfe 52f<br>38104 Braunschweig<br><br>Phone <a href=\"tel:+49053349483668\">+49 5334 94836-68<\/a>"},{"services_acc_headline":"HBSN Munich site","services_acc_beschreibung":"Focus areas: Infrastructure & Managed Services <br>Carl-Zeiss-Ring 21<br>85737 Ismaning<br><br>Phone <a href=\"tel:+4953123040100\">+49 531 23040-100<\/a>\n"},{"services_acc_headline":"HBSN location Bad Hersfeld","services_acc_beschreibung":"Focus areas: Infrastructure & Managed Services<br>Vl\u00e4menweg 31<br>36251 Bad Hersfeld<br><br>Phone <a href=\"tel:+4953123040100\">+49 531 23040-100<\/a>\n"},{"services_acc_headline":"HBSN Hamburg site","services_acc_beschreibung":"Focus areas: Infrastructure & Managed Services and Consulting<br>Heidenkampsweg 81<br>20097 Hamburg<br><br>Phone <a href=\"tel:+4953123040100\">+49 531 23040-100<\/a>\n"},{"services_acc_headline":"HBSN L\u00fcneburg site","services_acc_beschreibung":"Focus areas: Infrastructure & Managed Services<br>Marie-Curie-Stra\u00dfe 12<br>21337 L\u00fcneburg<br><br>Phone <a href=\"tel:+4953123040100\">+49 531 23040-100<\/a>\n"},{"services_acc_headline":"Location Prague","services_acc_beschreibung":"Focus: Software development<br>Stock Exchange Palace<br>Rybna 682\/14<br>11000 Prague 1<br>Czech Republic\n"},{"services_acc_headline":"Brno location","services_acc_beschreibung":"Focus: Software development<br>Business park Vln\u011bna<br>Vln\u011bna 5<br>602 00 Brno<br>Czech Republic\n"}],"services_tab2_headline":"Data centers","services_tab2_content":[{"services_tab2_headline":"Data center location North","services_tab2_beschreibung":"Hamburg\n"},{"services_tab2_headline":"Data center location West","services_tab2_beschreibung":"Frankfurt\n"},{"services_tab2_headline":"Data center location East 1","services_tab2_beschreibung":"  Leipzig\n"},{"services_tab2_headline":"Data center location East 2","services_tab2_beschreibung":"Taucha\n"}],"services_num_headline":"","services_num_icons":[],"services_last_headline":"","services_last_text":"","services_headline_menu":"Further information about the company","services_marginal_select":"41","no_member":"1","services_headline_ma":"Your contact for consulting","services_member":"","history_history_headline":"","history_history_icons":[],"home-slider":[{"width":150,"height":150,"file":"2023\/12\/hbsn_unternehmensvision.webp","filesize":111024,"sizes":{"medium":{"file":"hbsn_unternehmensvision-300x125.webp","width":300,"height":125,"mime-type":"image\/webp","filesize":6080,"url":"https:\/\/hbsn-gruppe.de\/wp-content\/uploads\/2023\/12\/hbsn_unternehmensvision-300x125.webp"},"large":{"file":"hbsn_unternehmensvision-1024x427.webp","width":1024,"height":427,"mime-type":"image\/webp","filesize":32836,"url":"https:\/\/hbsn-gruppe.de\/wp-content\/uploads\/2023\/12\/hbsn_unternehmensvision-1024x427.webp"},"thumbnail":{"file":"hbsn_unternehmensvision-150x150.webp","width":150,"height":150,"mime-type":"image\/webp","filesize":4092,"url":"https:\/\/hbsn-gruppe.de\/wp-content\/uploads\/2023\/12\/hbsn_unternehmensvision-150x150.webp"},"medium_large":{"file":"hbsn_unternehmensvision-768x320.webp","width":768,"height":320,"mime-type":"image\/webp","filesize":22068,"url":"https:\/\/hbsn-gruppe.de\/wp-content\/uploads\/2023\/12\/hbsn_unternehmensvision-768x320.webp"},"1536x1536":{"file":"hbsn_unternehmensvision-1536x640.webp","width":1536,"height":640,"mime-type":"image\/webp","filesize":56590,"url":"https:\/\/hbsn-gruppe.de\/wp-content\/uploads\/2023\/12\/hbsn_unternehmensvision-1536x640.webp"}},"image_meta":{"aperture":"0","credit":"","camera":"","caption":"","created_timestamp":"0","copyright":"","focal_length":"0","iso":"0","shutter_speed":"0","title":"","orientation":"0","keywords":[]},"ID":"3018","name":"hbsn_unternehmensvision.webp","path":"\/var\/www\/vhosts\/hbsn-gruppe.de\/httpdocs\/wp-content\/uploads\/2023\/12\/hbsn_unternehmensvision.webp","url":"https:\/\/hbsn-gruppe.de\/wp-content\/uploads\/2023\/12\/hbsn_unternehmensvision-150x150.webp","full_url":"https:\/\/hbsn-gruppe.de\/wp-content\/uploads\/2023\/12\/hbsn_unternehmensvision.webp","title":"hbsn_unternehmensvision","caption":"","description":"","alt":"","srcset":false}],"home-slider-mobil":[{"width":150,"height":150,"file":"2023\/12\/hbsn_unternehmensvision_mobil.webp","filesize":65696,"sizes":{"medium":{"file":"hbsn_unternehmensvision_mobil-221x300.webp","width":221,"height":300,"mime-type":"image\/webp","filesize":11000,"url":"https:\/\/hbsn-gruppe.de\/wp-content\/uploads\/2023\/12\/hbsn_unternehmensvision_mobil-221x300.webp"},"thumbnail":{"file":"hbsn_unternehmensvision_mobil-150x150.webp","width":150,"height":150,"mime-type":"image\/webp","filesize":6482,"url":"https:\/\/hbsn-gruppe.de\/wp-content\/uploads\/2023\/12\/hbsn_unternehmensvision_mobil-150x150.webp"}},"image_meta":{"aperture":"0","credit":"","camera":"","caption":"","created_timestamp":"0","copyright":"","focal_length":"0","iso":"0","shutter_speed":"0","title":"","orientation":"0","keywords":[]},"ID":"3016","name":"hbsn_unternehmensvision_mobil.webp","path":"\/var\/www\/vhosts\/hbsn-gruppe.de\/httpdocs\/wp-content\/uploads\/2023\/12\/hbsn_unternehmensvision_mobil.webp","url":"https:\/\/hbsn-gruppe.de\/wp-content\/uploads\/2023\/12\/hbsn_unternehmensvision_mobil-150x150.webp","full_url":"https:\/\/hbsn-gruppe.de\/wp-content\/uploads\/2023\/12\/hbsn_unternehmensvision_mobil.webp","title":"hbsn_unternehmensvision_mobil","caption":"","description":"","alt":"","srcset":false}],"claim_big":"<span>Company locations<\/span>","claim_small":"Short distances. Quickly accessible.","feedback_y_n":"0","shl":"","hl":"We are close to you.","leitsatz":"","homeimg":[],"branchen_headline":"","branchen_text":"","branchen_link":"","branchen_icons":[],"konzept_headline":"","konzept_text":"","konzept":[],"ogdigital_headline":"","ogdigital_text":"","ogdigital_image":[],"karriere_headline":"","karriere_text":"","karriere_image":[]},"_links":{"self":[{"href":"https:\/\/hbsn-gruppe.de\/en\/wp-json\/wp\/v2\/pages\/2836","targetHints":{"allow":["GET"]}}],"collection":[{"href":"https:\/\/hbsn-gruppe.de\/en\/wp-json\/wp\/v2\/pages"}],"about":[{"href":"https:\/\/hbsn-gruppe.de\/en\/wp-json\/wp\/v2\/types\/page"}],"author":[{"embeddable":true,"href":"https:\/\/hbsn-gruppe.de\/en\/wp-json\/wp\/v2\/users\/1"}],"replies":[{"embeddable":true,"href":"https:\/\/hbsn-gruppe.de\/en\/wp-json\/wp\/v2\/comments?post=2836"}],"version-history":[{"count":3,"href":"https:\/\/hbsn-gruppe.de\/en\/wp-json\/wp\/v2\/pages\/2836\/revisions"}],"predecessor-version":[{"id":3818,"href":"https:\/\/hbsn-gruppe.de\/en\/wp-json\/wp\/v2\/pages\/2836\/revisions\/3818"}],"wp:attachment":[{"href":"https:\/\/hbsn-gruppe.de\/en\/wp-json\/wp\/v2\/media?parent=2836"}],"curies":[{"name":"wp","href":"https:\/\/api.w.org\/{rel}","templated":true}]}}